{"id":2052,"date":"2024-05-27T19:09:33","date_gmt":"2024-05-27T17:09:33","guid":{"rendered":"http:\/\/chantallbutik.pl\/?post_type=product&#038;p=2052"},"modified":"2025-09-23T22:06:44","modified_gmt":"2025-09-23T20:06:44","slug":"inspiracja-dolce-gabbana-limperatrice-3-100ml","status":"publish","type":"product","link":"http:\/\/chantallbutik.pl\/index.php\/product\/inspiracja-dolce-gabbana-limperatrice-3-100ml\/","title":{"rendered":"Inspiracja Dolce Gabbana L\u00b4Imperatrice 3 100ml"},"content":{"rendered":"","protected":false},"excerpt":{"rendered":"<p>WODA PERFUMOWANA ! ! !<\/p>\n<p>Pojemno\u015b\u0107 100ml<\/p>\n<div id=\"description\" class=\"tab-pane fade in active\" role=\"tabpanel\">\n<div class=\"product-description\">\n<p><b>Premiera: <\/b>2009 rok<\/p>\n<p>To kwiatowo &#8211; wodne perfumy dla kobiet.<\/p>\n<p><strong>Nuty zapachowe:<\/strong><\/p>\n<p>nuta g\u0142owy: r\u00f3\u017cowy pieprz, kiwi i rabarbar;<\/p>\n<p>nuta serca: ja\u015bmin, cyklamen i arbuz;<\/p>\n<p>nuta bazy: pi\u017cmo, drzewo sanda\u0142owe i drzewo cytrynowe.<\/p>\n<\/div>\n<\/div>\n","protected":false},"featured_media":2014,"comment_status":"open","ping_status":"closed","template":"","meta":[],"product_cat":[20],"product_tag":[],"_links":{"self":[{"href":"http:\/\/chantallbutik.pl\/index.php\/wp-json\/wp\/v2\/product\/2052"}],"collection":[{"href":"http:\/\/chantallbutik.pl\/index.php\/wp-json\/wp\/v2\/product"}],"about":[{"href":"http:\/\/chantallbutik.pl\/index.php\/wp-json\/wp\/v2\/types\/product"}],"replies":[{"embeddable":true,"href":"http:\/\/chantallbutik.pl\/index.php\/wp-json\/wp\/v2\/comments?post=2052"}],"wp:featuredmedia":[{"embeddable":true,"href":"http:\/\/chantallbutik.pl\/index.php\/wp-json\/wp\/v2\/media\/2014"}],"wp:attachment":[{"href":"http:\/\/chantallbutik.pl\/index.php\/wp-json\/wp\/v2\/media?parent=2052"}],"wp:term":[{"taxonomy":"product_cat","embeddable":true,"href":"http:\/\/chantallbutik.pl\/index.php\/wp-json\/wp\/v2\/product_cat?post=2052"},{"taxonomy":"product_tag","embeddable":true,"href":"http:\/\/chantallbutik.pl\/index.php\/wp-json\/wp\/v2\/product_tag?post=2052"}],"curies":[{"name":"wp","href":"https:\/\/api.w.org\/{rel}","templated":true}]}}