{"id":2051,"date":"2024-05-27T19:07:36","date_gmt":"2024-05-27T17:07:36","guid":{"rendered":"http:\/\/chantallbutik.pl\/?post_type=product&#038;p=2051"},"modified":"2025-09-23T22:06:44","modified_gmt":"2025-09-23T20:06:44","slug":"inspiracja-dior-diorama-vanilla-100ml","status":"publish","type":"product","link":"http:\/\/chantallbutik.pl\/index.php\/product\/inspiracja-dior-diorama-vanilla-100ml\/","title":{"rendered":"Inspiracja Dior Diorama Vanilla 100ml"},"content":{"rendered":"","protected":false},"excerpt":{"rendered":"<p>WODA PERFUMOWANA ! ! !<\/p>\n<p>Pojemno\u015b\u0107 100ml<\/p>\n<p>To orientalno &#8211; waniliowe perfumy dla kobiet i m\u0119\u017cczyzn.<\/p>\n<p>NUTY ZAPACHOWE<\/p>\n<p>Nutami g\u0142owy s\u0105: Pomara\u0144cza, R\u00f3\u017cowy pieprz i Cytryna;<\/p>\n<p>Nutami serca s\u0105: Rum, Kakao i Kardamon;<\/p>\n<p>Nutami bazy s\u0105 Wanilia bourbon, Drzewo sanda\u0142owe i Paczula.<\/p>\n","protected":false},"featured_media":2021,"comment_status":"open","ping_status":"closed","template":"","meta":[],"product_cat":[20,19],"product_tag":[],"_links":{"self":[{"href":"http:\/\/chantallbutik.pl\/index.php\/wp-json\/wp\/v2\/product\/2051"}],"collection":[{"href":"http:\/\/chantallbutik.pl\/index.php\/wp-json\/wp\/v2\/product"}],"about":[{"href":"http:\/\/chantallbutik.pl\/index.php\/wp-json\/wp\/v2\/types\/product"}],"replies":[{"embeddable":true,"href":"http:\/\/chantallbutik.pl\/index.php\/wp-json\/wp\/v2\/comments?post=2051"}],"wp:featuredmedia":[{"embeddable":true,"href":"http:\/\/chantallbutik.pl\/index.php\/wp-json\/wp\/v2\/media\/2021"}],"wp:attachment":[{"href":"http:\/\/chantallbutik.pl\/index.php\/wp-json\/wp\/v2\/media?parent=2051"}],"wp:term":[{"taxonomy":"product_cat","embeddable":true,"href":"http:\/\/chantallbutik.pl\/index.php\/wp-json\/wp\/v2\/product_cat?post=2051"},{"taxonomy":"product_tag","embeddable":true,"href":"http:\/\/chantallbutik.pl\/index.php\/wp-json\/wp\/v2\/product_tag?post=2051"}],"curies":[{"name":"wp","href":"https:\/\/api.w.org\/{rel}","templated":true}]}}