{"id":2001,"date":"2024-05-27T17:31:35","date_gmt":"2024-05-27T15:31:35","guid":{"rendered":"http:\/\/chantallbutik.pl\/?post_type=product&#038;p=2001"},"modified":"2025-09-23T22:06:45","modified_gmt":"2025-09-23T20:06:45","slug":"inspiracja-ariana-grande-god-is-a-women-80ml","status":"publish","type":"product","link":"http:\/\/chantallbutik.pl\/index.php\/product\/inspiracja-ariana-grande-god-is-a-women-80ml\/","title":{"rendered":"Inspiracja Ariana Grande God Is a Women 80ml"},"content":{"rendered":"","protected":false},"excerpt":{"rendered":"<p>WODA PERFUMOWANA ! ! !<\/p>\n<p>Pojemno\u015b\u0107 80ml<\/p>\n<div id=\"description\" class=\"tab-pane fade in active\" role=\"tabpanel\">\n<div class=\"product-description\">\n<p><b>Premiera: <\/b>2021 rok<\/p>\n<p>To orientalno &#8211; kwiatowe perfumy dla kobiet.<\/p>\n<p><strong>Nuty zapachowe: <\/strong><\/p>\n<p>nuta g\u0142owy: Gruszka i Ambrette (pi\u017cmian w\u0142a\u015bciwy);<\/p>\n<p>nuta serca: Irys i R\u00f3\u017ca turecka;<\/p>\n<p>nuta bazy: Madagaskarska wanilia i Drzewo sanda\u0142owe.<\/p>\n<\/div>\n<\/div>\n","protected":false},"featured_media":1955,"comment_status":"open","ping_status":"closed","template":"","meta":[],"product_cat":[20],"product_tag":[],"_links":{"self":[{"href":"http:\/\/chantallbutik.pl\/index.php\/wp-json\/wp\/v2\/product\/2001"}],"collection":[{"href":"http:\/\/chantallbutik.pl\/index.php\/wp-json\/wp\/v2\/product"}],"about":[{"href":"http:\/\/chantallbutik.pl\/index.php\/wp-json\/wp\/v2\/types\/product"}],"replies":[{"embeddable":true,"href":"http:\/\/chantallbutik.pl\/index.php\/wp-json\/wp\/v2\/comments?post=2001"}],"wp:featuredmedia":[{"embeddable":true,"href":"http:\/\/chantallbutik.pl\/index.php\/wp-json\/wp\/v2\/media\/1955"}],"wp:attachment":[{"href":"http:\/\/chantallbutik.pl\/index.php\/wp-json\/wp\/v2\/media?parent=2001"}],"wp:term":[{"taxonomy":"product_cat","embeddable":true,"href":"http:\/\/chantallbutik.pl\/index.php\/wp-json\/wp\/v2\/product_cat?post=2001"},{"taxonomy":"product_tag","embeddable":true,"href":"http:\/\/chantallbutik.pl\/index.php\/wp-json\/wp\/v2\/product_tag?post=2001"}],"curies":[{"name":"wp","href":"https:\/\/api.w.org\/{rel}","templated":true}]}}