{"id":1995,"date":"2024-05-27T17:22:10","date_gmt":"2024-05-27T15:22:10","guid":{"rendered":"http:\/\/chantallbutik.pl\/?post_type=product&#038;p=1995"},"modified":"2025-09-23T22:06:45","modified_gmt":"2025-09-23T20:06:45","slug":"inspiracja-creed-wind-flowers-100ml","status":"publish","type":"product","link":"http:\/\/chantallbutik.pl\/index.php\/product\/inspiracja-creed-wind-flowers-100ml\/","title":{"rendered":"Inspiracja Creed Wind Flowers 100ml"},"content":{"rendered":"","protected":false},"excerpt":{"rendered":"<p>WODA PERFUMOWANA ! ! !<\/p>\n<p>Pojemno\u015b\u0107 100ml<\/p>\n<div class=\"h6\">Nuty Zapachowe:<\/div>\n<div class=\"product__desc-line\"><span class=\"product__desc-title\"><b>Nuta g\u0142\u00f3wna:<\/b> <\/span> <span class=\"product__desc-val\"> ja\u015bmin, kwiat pomara\u0144czy, brzoskwinia <\/span><\/div>\n<div class=\"product__desc-line\"><span class=\"product__desc-title\"><b>Nuta serca:<\/b> <\/span> <span class=\"product__desc-val\"> r\u00f3\u017ca, tuberoza, ja\u015bmin wielkolistny <\/span><\/div>\n<div class=\"product__desc-line\"><span class=\"product__desc-title\"><b>Nuty bazy:<\/b> <\/span> <span class=\"product__desc-val\"> irys, kwiat pomara\u0144czy, pi\u017cmo, pralina, drzewo sanda\u0142owe <\/span><\/div>\n","protected":false},"featured_media":1960,"comment_status":"open","ping_status":"closed","template":"","meta":[],"product_cat":[20],"product_tag":[],"_links":{"self":[{"href":"http:\/\/chantallbutik.pl\/index.php\/wp-json\/wp\/v2\/product\/1995"}],"collection":[{"href":"http:\/\/chantallbutik.pl\/index.php\/wp-json\/wp\/v2\/product"}],"about":[{"href":"http:\/\/chantallbutik.pl\/index.php\/wp-json\/wp\/v2\/types\/product"}],"replies":[{"embeddable":true,"href":"http:\/\/chantallbutik.pl\/index.php\/wp-json\/wp\/v2\/comments?post=1995"}],"wp:featuredmedia":[{"embeddable":true,"href":"http:\/\/chantallbutik.pl\/index.php\/wp-json\/wp\/v2\/media\/1960"}],"wp:attachment":[{"href":"http:\/\/chantallbutik.pl\/index.php\/wp-json\/wp\/v2\/media?parent=1995"}],"wp:term":[{"taxonomy":"product_cat","embeddable":true,"href":"http:\/\/chantallbutik.pl\/index.php\/wp-json\/wp\/v2\/product_cat?post=1995"},{"taxonomy":"product_tag","embeddable":true,"href":"http:\/\/chantallbutik.pl\/index.php\/wp-json\/wp\/v2\/product_tag?post=1995"}],"curies":[{"name":"wp","href":"https:\/\/api.w.org\/{rel}","templated":true}]}}