{"id":1994,"date":"2024-05-27T17:19:54","date_gmt":"2024-05-27T15:19:54","guid":{"rendered":"http:\/\/chantallbutik.pl\/?post_type=product&#038;p=1994"},"modified":"2025-09-23T22:06:45","modified_gmt":"2025-09-23T20:06:45","slug":"inspiracja-elizabeth-arden-white-tea-100ml","status":"publish","type":"product","link":"http:\/\/chantallbutik.pl\/index.php\/product\/inspiracja-elizabeth-arden-white-tea-100ml\/","title":{"rendered":"Inspiracja Elizabeth Arden White Tea 100ml"},"content":{"rendered":"","protected":false},"excerpt":{"rendered":"<p>WODA PERFUMOWANA ! ! !<\/p>\n<p>Pojemno\u015b\u0107 100ml<\/p>\n<div id=\"description\" class=\"tab-pane fade in active\" role=\"tabpanel\">\n<div class=\"product-description\">\n<p><strong>Premiera:<\/strong> 2017 rok<\/p>\n<p>Drzewno &#8211; kwiatowo &#8211; pi\u017cmowe perfumy dla kobiet.<\/p>\n<p><strong>Nuty zapachowe:<\/strong><\/p>\n<p>nuta g\u0142owy: mandarynka, sza\u0142wia muszkato\u0142owa, papro\u0107 i nuty morskie<br \/>\nnuta serca: bia\u0142a herbata, mate i bia\u0142y irys<br \/>\nnuta bazy: bursztyn, ambrette (pi\u017cmo ambrowe), fasolka tonka i egzotyczne drzewa<\/p>\n<\/div>\n<\/div>\n","protected":false},"featured_media":1978,"comment_status":"open","ping_status":"closed","template":"","meta":[],"product_cat":[20],"product_tag":[],"_links":{"self":[{"href":"http:\/\/chantallbutik.pl\/index.php\/wp-json\/wp\/v2\/product\/1994"}],"collection":[{"href":"http:\/\/chantallbutik.pl\/index.php\/wp-json\/wp\/v2\/product"}],"about":[{"href":"http:\/\/chantallbutik.pl\/index.php\/wp-json\/wp\/v2\/types\/product"}],"replies":[{"embeddable":true,"href":"http:\/\/chantallbutik.pl\/index.php\/wp-json\/wp\/v2\/comments?post=1994"}],"wp:featuredmedia":[{"embeddable":true,"href":"http:\/\/chantallbutik.pl\/index.php\/wp-json\/wp\/v2\/media\/1978"}],"wp:attachment":[{"href":"http:\/\/chantallbutik.pl\/index.php\/wp-json\/wp\/v2\/media?parent=1994"}],"wp:term":[{"taxonomy":"product_cat","embeddable":true,"href":"http:\/\/chantallbutik.pl\/index.php\/wp-json\/wp\/v2\/product_cat?post=1994"},{"taxonomy":"product_tag","embeddable":true,"href":"http:\/\/chantallbutik.pl\/index.php\/wp-json\/wp\/v2\/product_tag?post=1994"}],"curies":[{"name":"wp","href":"https:\/\/api.w.org\/{rel}","templated":true}]}}