{"id":1992,"date":"2024-05-27T17:15:58","date_gmt":"2024-05-27T15:15:58","guid":{"rendered":"http:\/\/chantallbutik.pl\/?post_type=product&#038;p=1992"},"modified":"2025-09-23T22:07:03","modified_gmt":"2025-09-23T20:07:03","slug":"inspiracja-trussardi-my-name-pour-femme-100ml","status":"publish","type":"product","link":"http:\/\/chantallbutik.pl\/index.php\/product\/inspiracja-trussardi-my-name-pour-femme-100ml\/","title":{"rendered":"Inspiracja Trussardi My Name Pour Femme 100ml"},"content":{"rendered":"","protected":false},"excerpt":{"rendered":"<p>WODA PERFUMOWANA ! ! !<\/p>\n<p>Pojemno\u015b\u0107 100ml<\/p>\n<div id=\"description\" class=\"tab-pane fade in active\" role=\"tabpanel\">\n<div class=\"product-description\">\n<p><strong>Premiera<\/strong>: 2013 rok<\/p>\n<p>Jest to \u015bwie\u017ca i delikatna kompozycja dla pa\u0144, kt\u00f3re pragn\u0105 podkre\u015bli\u0107 swoj\u0105 kobieco\u015b\u0107.<\/p>\n<p><strong>Nuty zapachowe<\/strong>:<\/p>\n<p>nuta g\u0142owy: bia\u0142y fio\u0142ek, heliotrop<br \/>\nnuta serca: cantedeskia, bez<br \/>\nnuta bazy:\u00a0 wanilia, ambroksan, pi\u017cmo<\/p>\n<\/div>\n<\/div>\n","protected":false},"featured_media":1976,"comment_status":"open","ping_status":"closed","template":"","meta":[],"product_cat":[20],"product_tag":[],"_links":{"self":[{"href":"http:\/\/chantallbutik.pl\/index.php\/wp-json\/wp\/v2\/product\/1992"}],"collection":[{"href":"http:\/\/chantallbutik.pl\/index.php\/wp-json\/wp\/v2\/product"}],"about":[{"href":"http:\/\/chantallbutik.pl\/index.php\/wp-json\/wp\/v2\/types\/product"}],"replies":[{"embeddable":true,"href":"http:\/\/chantallbutik.pl\/index.php\/wp-json\/wp\/v2\/comments?post=1992"}],"wp:featuredmedia":[{"embeddable":true,"href":"http:\/\/chantallbutik.pl\/index.php\/wp-json\/wp\/v2\/media\/1976"}],"wp:attachment":[{"href":"http:\/\/chantallbutik.pl\/index.php\/wp-json\/wp\/v2\/media?parent=1992"}],"wp:term":[{"taxonomy":"product_cat","embeddable":true,"href":"http:\/\/chantallbutik.pl\/index.php\/wp-json\/wp\/v2\/product_cat?post=1992"},{"taxonomy":"product_tag","embeddable":true,"href":"http:\/\/chantallbutik.pl\/index.php\/wp-json\/wp\/v2\/product_tag?post=1992"}],"curies":[{"name":"wp","href":"https:\/\/api.w.org\/{rel}","templated":true}]}}